{"id":31846,"date":"2025-09-16T12:13:55","date_gmt":"2025-09-16T16:13:55","guid":{"rendered":"https:\/\/hope-estate-immobilier.fr\/?page_id=31846"},"modified":"2025-09-29T04:00:02","modified_gmt":"2025-09-29T08:00:02","slug":"conciergerie","status":"publish","type":"page","link":"https:\/\/hope-estate-immobilier.fr\/en\/conciergerie\/","title":{"rendered":"Conciergerie"},"content":{"rendered":"<div data-elementor-type=\"wp-page\" data-elementor-id=\"31846\" class=\"elementor elementor-31846\">\n\t\t\t\t<div class=\"elementor-element elementor-element-138308a e-flex e-con-boxed e-con e-parent\" data-id=\"138308a\" data-element_type=\"container\">\n\t\t\t\t\t<div class=\"e-con-inner\">\n\t\t<div class=\"elementor-element elementor-element-6e9a09c e-con-full e-flex e-con e-child\" data-id=\"6e9a09c\" data-element_type=\"container\">\n\t\t<div class=\"elementor-element elementor-element-d095c7e e-con-full e-flex e-con e-child\" data-id=\"d095c7e\" data-element_type=\"container\">\n\t\t\t\t<div class=\"elementor-element elementor-element-d244f2d animated-slow elementor-invisible elementor-widget elementor-widget-Houzez_elementor_grid_builder\" data-id=\"d244f2d\" data-element_type=\"widget\" data-settings=\"{&quot;_animation&quot;:&quot;fadeIn&quot;}\" data-widget_type=\"Houzez_elementor_grid_builder.default\">\n\t\t\t\t<div class=\"elementor-widget-container\">\n\t\t\t\t\t\n        <div class=\"grid-item  grid-item-v2\" style=\"background-image: url(https:\/\/hope-estate-immobilier.fr\/wp-content\/uploads\/2025\/09\/jet-ski-saint-martin-2-scaled.webp)\">\n            <a class=\"grid-item-link hover-effect-flat\"  href=\"https:\/\/hope-estate-immobilier.fr\/en\/contact\/\">\n                <div class=\"grid-item-text-wrap\">\n\n                    \n                                        <div class=\"grid-item-title\">Jet-ski<\/div>\n                                        \n                                    <\/div><!-- taxonomy-text-wrap -->\n            <\/a>\n        <\/div>\n        \n        \t\t\t\t<\/div>\n\t\t\t\t<\/div>\n\t\t\t\t<\/div>\n\t\t<div class=\"elementor-element elementor-element-c6caab8 e-con-full e-flex e-con e-child\" data-id=\"c6caab8\" data-element_type=\"container\">\n\t\t\t\t<div class=\"elementor-element elementor-element-e8dcf3f animated-slow elementor-invisible elementor-widget elementor-widget-Houzez_elementor_grid_builder\" data-id=\"e8dcf3f\" data-element_type=\"widget\" data-settings=\"{&quot;_animation&quot;:&quot;fadeIn&quot;}\" data-widget_type=\"Houzez_elementor_grid_builder.default\">\n\t\t\t\t<div class=\"elementor-widget-container\">\n\t\t\t\t\t\n        <div class=\"grid-item  grid-item-v2\" style=\"background-image: url(https:\/\/hope-estate-immobilier.fr\/wp-content\/uploads\/2025\/09\/mustang-saint-martin.webp)\">\n            <a class=\"grid-item-link hover-effect-flat\"  href=\"https:\/\/hope-estate-immobilier.fr\/en\/contact\/\">\n                <div class=\"grid-item-text-wrap\">\n\n                    \n                                        <div class=\"grid-item-title\">Location voiture &amp; scooter<\/div>\n                                        \n                                    <\/div><!-- taxonomy-text-wrap -->\n            <\/a>\n        <\/div>\n        \n        \t\t\t\t<\/div>\n\t\t\t\t<\/div>\n\t\t\t\t<\/div>\n\t\t<div class=\"elementor-element elementor-element-1881be6 e-con-full e-flex e-con e-child\" data-id=\"1881be6\" data-element_type=\"container\">\n\t\t\t\t<div class=\"elementor-element elementor-element-970cfcc animated-slow elementor-invisible elementor-widget elementor-widget-Houzez_elementor_grid_builder\" data-id=\"970cfcc\" data-element_type=\"widget\" data-settings=\"{&quot;_animation&quot;:&quot;fadeIn&quot;}\" data-widget_type=\"Houzez_elementor_grid_builder.default\">\n\t\t\t\t<div class=\"elementor-widget-container\">\n\t\t\t\t\t\n        <div class=\"grid-item  grid-item-v2\" style=\"background-image: url(https:\/\/hope-estate-immobilier.fr\/wp-content\/uploads\/2025\/09\/location-saisonniere-1.webp)\">\n            <a class=\"grid-item-link hover-effect-flat\"  href=\"https:\/\/hope-estate-immobilier.fr\/en\/location-2\/\">\n                <div class=\"grid-item-text-wrap\">\n\n                    \n                                        <div class=\"grid-item-title\">Seasonal rentals<\/div>\n                                        \n                                    <\/div><!-- taxonomy-text-wrap -->\n            <\/a>\n        <\/div>\n        \n        \t\t\t\t<\/div>\n\t\t\t\t<\/div>\n\t\t\t\t<\/div>\n\t\t<div class=\"elementor-element elementor-element-d52372b e-con-full e-flex e-con e-child\" data-id=\"d52372b\" data-element_type=\"container\">\n\t\t\t\t<div class=\"elementor-element elementor-element-aacaa9d animated-slow elementor-invisible elementor-widget elementor-widget-Houzez_elementor_grid_builder\" data-id=\"aacaa9d\" data-element_type=\"widget\" data-settings=\"{&quot;_animation&quot;:&quot;fadeIn&quot;}\" data-widget_type=\"Houzez_elementor_grid_builder.default\">\n\t\t\t\t<div class=\"elementor-widget-container\">\n\t\t\t\t\t\n        <div class=\"grid-item  grid-item-v2\" style=\"background-image: url(https:\/\/hope-estate-immobilier.fr\/wp-content\/uploads\/2025\/09\/catamaran-saint-martin.webp)\">\n            <a class=\"grid-item-link hover-effect-flat\"  href=\"https:\/\/hope-estate-immobilier.fr\/en\/contact\/\">\n                <div class=\"grid-item-text-wrap\">\n\n                    \n                                        <div class=\"grid-item-title\">Catamaran<\/div>\n                                        \n                                    <\/div><!-- taxonomy-text-wrap -->\n            <\/a>\n        <\/div>\n        \n        \t\t\t\t<\/div>\n\t\t\t\t<\/div>\n\t\t\t\t<\/div>\n\t\t<div class=\"elementor-element elementor-element-5bc16e4 e-con-full e-flex e-con e-child\" data-id=\"5bc16e4\" data-element_type=\"container\">\n\t\t\t\t<div class=\"elementor-element elementor-element-fb5a9c1 animated-slow elementor-invisible elementor-widget elementor-widget-Houzez_elementor_grid_builder\" data-id=\"fb5a9c1\" data-element_type=\"widget\" data-settings=\"{&quot;_animation&quot;:&quot;fadeIn&quot;}\" data-widget_type=\"Houzez_elementor_grid_builder.default\">\n\t\t\t\t<div class=\"elementor-widget-container\">\n\t\t\t\t\t\n        <div class=\"grid-item  grid-item-v2\" style=\"background-image: url(https:\/\/hope-estate-immobilier.fr\/wp-content\/uploads\/2025\/09\/plongee-saint-martin.webp)\">\n            <a class=\"grid-item-link hover-effect-flat\"  href=\"https:\/\/hope-estate-immobilier.fr\/en\/contact\/\">\n                <div class=\"grid-item-text-wrap\">\n\n                    \n                                        <div class=\"grid-item-title\">Activit\u00e9s nautiques<\/div>\n                                        \n                                    <\/div><!-- taxonomy-text-wrap -->\n            <\/a>\n        <\/div>\n        \n        \t\t\t\t<\/div>\n\t\t\t\t<\/div>\n\t\t\t\t<\/div>\n\t\t<div class=\"elementor-element elementor-element-7eff53b e-con-full e-flex e-con e-child\" data-id=\"7eff53b\" data-element_type=\"container\">\n\t\t\t\t<div class=\"elementor-element elementor-element-e82decd animated-slow elementor-invisible elementor-widget elementor-widget-Houzez_elementor_grid_builder\" data-id=\"e82decd\" data-element_type=\"widget\" data-settings=\"{&quot;_animation&quot;:&quot;fadeIn&quot;}\" data-widget_type=\"Houzez_elementor_grid_builder.default\">\n\t\t\t\t<div class=\"elementor-widget-container\">\n\t\t\t\t\t\n        <div class=\"grid-item  grid-item-v2\" style=\"background-image: url(https:\/\/hope-estate-immobilier.fr\/wp-content\/uploads\/2025\/09\/avion-saint-martin.webp)\">\n            <a class=\"grid-item-link hover-effect-flat\"  href=\"https:\/\/hope-estate-immobilier.fr\/en\/contact\/\">\n                <div class=\"grid-item-text-wrap\">\n\n                    \n                                        <div class=\"grid-item-title\">Transferts a\u00e9roport<\/div>\n                                        \n                                    <\/div><!-- taxonomy-text-wrap -->\n            <\/a>\n        <\/div>\n        \n        \t\t\t\t<\/div>\n\t\t\t\t<\/div>\n\t\t\t\t<\/div>\n\t\t\t\t<\/div>\n\t\t\t\t<div class=\"elementor-element elementor-element-6e502c8 elementor-widget elementor-widget-text-editor\" data-id=\"6e502c8\" data-element_type=\"widget\" data-widget_type=\"text-editor.default\">\n\t\t\t\t<div class=\"elementor-widget-container\">\n\t\t\t\t\t\t\t\t\t<h1>Conciergerie sur l&#8217;ile de Saint-Martin (SXM)<\/h1><p data-start=\"276\" data-end=\"325\">Vivez l\u2019exp\u00e9rience carib\u00e9enne en toute s\u00e9r\u00e9nit\u00e9.<\/p><h2 data-start=\"202\" data-end=\"299\"><strong data-start=\"205\" data-end=\"299\">Vivez l\u2019excellence \u00e0 Saint-Martin gr\u00e2ce \u00e0 notre service de conciergerie\u00a0<\/strong><\/h2><p data-start=\"301\" data-end=\"729\">Chez Hope Estate Immobilier, nous ne nous contentons pas de vous proposer des biens en <a href=\"https:\/\/hope-estate-immobilier.fr\/en\/location-2\/\">location saisonni\u00e8re<\/a> \u00e0 Saint-Martin, nous vous accompagnons \u00e9galement avec un service de conciergerie sur mesure. Notre objectif : faire de vos vacances sur l\u2019\u00eele une exp\u00e9rience inoubliable, sans stress ni contrainte.<\/p><h2 data-start=\"1180\" data-end=\"1229\">Nos services de conciergerie \u00e0 Saint-Martin<\/h2><p data-start=\"1230\" data-end=\"1313\">Nous assurons un suivi complet pour que vos s\u00e9jours soient fluides et agr\u00e9ables :<\/p><ul data-start=\"1314\" data-end=\"1812\"><li data-start=\"1314\" data-end=\"1458\"><p data-start=\"1316\" data-end=\"1458\">Accueil et d\u00e9part des vacanciers : remise des cl\u00e9s, pr\u00e9sentation du logement et disponibilit\u00e9 de notre concierge tout au long de votre s\u00e9jour.<\/p><\/li><li data-start=\"1459\" data-end=\"1572\"><p data-start=\"1461\" data-end=\"1572\">Gestion du m\u00e9nage et du linge : un logement impeccable, pr\u00eat \u00e0 accueillir vos voyageurs \u00e0 chaque arriv\u00e9e.<\/p><\/li><li data-start=\"1573\" data-end=\"1812\"><p data-start=\"1575\" data-end=\"1812\">R\u00e9servation et organisation de services : transferts a\u00e9roport, location de voiture ou scooter, <strong>r\u00e9servation de jet-ski<\/strong>, excursions en catamaran, activit\u00e9s nautiques, sorties plong\u00e9e, restaurants, loisirs\u2026 Nous nous occupons de tout.<\/p><\/li><\/ul><p data-start=\"4013\" data-end=\"4105\">\u00a0<\/p>\t\t\t\t\t\t\t\t<\/div>\n\t\t\t\t<\/div>\n\t\t\t\t<div class=\"elementor-element elementor-element-a1dd2ae elementor-widget__width-initial elementor-widget elementor-widget-image\" data-id=\"a1dd2ae\" data-element_type=\"widget\" data-widget_type=\"image.default\">\n\t\t\t\t<div class=\"elementor-widget-container\">\n\t\t\t\t\t\t\t\t\t\t\t\t\t\t\t<img fetchpriority=\"high\" decoding=\"async\" width=\"758\" height=\"564\" src=\"https:\/\/hope-estate-immobilier.fr\/wp-content\/uploads\/2025\/09\/jet-ski-sxm-758x564.webp\" class=\"attachment-houzez-item-image-4 size-houzez-item-image-4 wp-image-37540\" alt=\"\" srcset=\"https:\/\/hope-estate-immobilier.fr\/wp-content\/uploads\/2025\/09\/jet-ski-sxm-758x564.webp 758w, https:\/\/hope-estate-immobilier.fr\/wp-content\/uploads\/2025\/09\/jet-ski-sxm-120x90.webp 120w\" sizes=\"(max-width: 758px) 100vw, 758px\" \/>\t\t\t\t\t\t\t\t\t\t\t\t\t\t\t<\/div>\n\t\t\t\t<\/div>\n\t\t\t\t<div class=\"elementor-element elementor-element-72e9767 elementor-widget elementor-widget-text-editor\" data-id=\"72e9767\" data-element_type=\"widget\" data-widget_type=\"text-editor.default\">\n\t\t\t\t<div class=\"elementor-widget-container\">\n\t\t\t\t\t\t\t\t\t<h2 data-start=\"362\" data-end=\"576\">Les avantages de notre conciergerie \u00e0 SXM<\/h2><p data-start=\"362\" data-end=\"576\">Faire appel \u00e0 notre service de conciergerie \u00e0 Saint-Martin vous offre bien plus qu\u2019une simple assistance : c\u2019est l\u2019assurance de profiter pleinement de votre s\u00e9jour, sans jamais vous soucier de l\u2019organisation.<\/p><ul data-start=\"578\" data-end=\"1841\"><li data-start=\"578\" data-end=\"867\"><p data-start=\"580\" data-end=\"867\">Un gain de temps pr\u00e9cieux : oubliez les longues recherches pour trouver les meilleurs prestataires ou organiser vos activit\u00e9s. Nous s\u00e9lectionnons pour vous les services les plus fiables et les plus adapt\u00e9s, afin que chaque minute de vos vacances soit d\u00e9di\u00e9e au repos et au plaisir.<\/p><\/li><li data-start=\"869\" data-end=\"1157\"><p data-start=\"871\" data-end=\"1157\">Une organisation fluide sans gestion stressante : de l\u2019accueil \u00e0 l\u2019a\u00e9roport jusqu\u2019au check-out de votre villa ou appartement en location saisonni\u00e8re, notre conciergerie anticipe vos besoins et s\u2019occupe de tous les d\u00e9tails. Vous n\u2019avez qu\u2019\u00e0 profiter, nous g\u00e9rons tout en coulisses.<\/p><\/li><li data-start=\"1159\" data-end=\"1486\"><p data-start=\"1161\" data-end=\"1486\">Des vacances sur-mesure, avec un accompagnement personnalis\u00e9 : chaque voyageur est unique, c\u2019est pourquoi notre conciergerie s\u2019adapte \u00e0 vos envies. Que vous souhaitiez une <strong>location de voiture<\/strong>, une journ\u00e9e d\u2019aventure en mer ou simplement un service de m\u00e9nage discret, tout est pens\u00e9 en fonction de vos attentes.<\/p><\/li><li data-start=\"1488\" data-end=\"1841\"><p data-start=\"1490\" data-end=\"1841\">Une pr\u00e9sence locale de confiance, disponible \u00e0 tout moment : notre \u00e9quipe est bas\u00e9e \u00e0 Saint-Martin et conna\u00eet parfaitement l\u2019\u00eele, ses bonnes adresses et ses partenaires de qualit\u00e9. Gr\u00e2ce \u00e0 un interlocuteur disponible 7j\/7, vous profitez d\u2019un s\u00e9jour en toute s\u00e9r\u00e9nit\u00e9, avec la certitude d\u2019avoir toujours quelqu\u2019un sur place pour vous accompagner.<\/p><\/li><\/ul><h3 data-start=\"2170\" data-end=\"2201\">Avec Hope Estate Immobilier :<\/h3><ul data-start=\"2202\" data-end=\"2382\"><li data-start=\"2202\" data-end=\"2243\"><p data-start=\"2204\" data-end=\"2243\">Vos vacances, notre organisation.<\/p><\/li><li data-start=\"2283\" data-end=\"2339\"><p data-start=\"2285\" data-end=\"2339\">Des vacances sans contraintes, juste du plaisir.<\/p><\/li><li data-start=\"2340\" data-end=\"2382\"><p data-start=\"2342\" data-end=\"2382\">Votre temps libre, notre priorit\u00e9.<\/p><\/li><\/ul>\t\t\t\t\t\t\t\t<\/div>\n\t\t\t\t<\/div>\n\t\t\t\t\t<\/div>\n\t\t\t\t<\/div>\n\t\t\t\t<\/div>","protected":false},"excerpt":{"rendered":"<p>Jet-ski Location voiture &amp; scooter Locations saisonni\u00e8res Catamaran Activit\u00e9s nautiques Transferts a\u00e9roport Conciergerie sur l&#8217;ile de Saint-Martin (SXM) Vivez l\u2019exp\u00e9rience carib\u00e9enne en toute s\u00e9r\u00e9nit\u00e9. Vivez l\u2019excellence \u00e0 Saint-Martin gr\u00e2ce \u00e0 notre service de conciergerie\u00a0 Chez Hope Estate Immobilier, nous ne nous contentons pas de vous proposer des biens en location saisonni\u00e8re \u00e0 Saint-Martin, nous vous [&hellip;]<\/p>","protected":false},"author":4,"featured_media":0,"parent":0,"menu_order":0,"comment_status":"closed","ping_status":"closed","template":"elementor_header_footer","meta":{"footnotes":""},"class_list":["post-31846","page","type-page","status-publish","hentry"],"yoast_head":"<!-- This site is optimized with the Yoast SEO plugin v26.5 - https:\/\/yoast.com\/wordpress\/plugins\/seo\/ -->\n<title>Conciergerie - Hope Estate Immobilier<\/title>\n<meta name=\"robots\" content=\"index, follow, max-snippet:-1, max-image-preview:large, max-video-preview:-1\" \/>\n<link rel=\"canonical\" href=\"https:\/\/hope-estate-immobilier.fr\/en\/conciergerie\/\" \/>\n<meta property=\"og:locale\" content=\"en_US\" \/>\n<meta property=\"og:type\" content=\"article\" \/>\n<meta property=\"og:title\" content=\"Conciergerie - Hope Estate Immobilier\" \/>\n<meta property=\"og:description\" content=\"Jet-ski Location voiture &amp; scooter Locations saisonni\u00e8res Catamaran Activit\u00e9s nautiques Transferts a\u00e9roport Conciergerie sur l&#8217;ile de Saint-Martin (SXM) Vivez l\u2019exp\u00e9rience carib\u00e9enne en toute s\u00e9r\u00e9nit\u00e9. Vivez l\u2019excellence \u00e0 Saint-Martin gr\u00e2ce \u00e0 notre service de conciergerie\u00a0 Chez Hope Estate Immobilier, nous ne nous contentons pas de vous proposer des biens en location saisonni\u00e8re \u00e0 Saint-Martin, nous vous [&hellip;]\" \/>\n<meta property=\"og:url\" content=\"https:\/\/hope-estate-immobilier.fr\/en\/conciergerie\/\" \/>\n<meta property=\"og:site_name\" content=\"Hope Estate Immobilier\" \/>\n<meta property=\"article:publisher\" content=\"https:\/\/www.facebook.com\/profile.php?id=61575309352823\" \/>\n<meta property=\"article:modified_time\" content=\"2025-09-29T08:00:02+00:00\" \/>\n<meta property=\"og:image\" content=\"https:\/\/hope-estate-immobilier.fr\/wp-content\/uploads\/2025\/09\/jet-ski-sxm-scaled.webp\" \/>\n\t<meta property=\"og:image:width\" content=\"1707\" \/>\n\t<meta property=\"og:image:height\" content=\"2560\" \/>\n\t<meta property=\"og:image:type\" content=\"image\/webp\" \/>\n<meta name=\"twitter:card\" content=\"summary_large_image\" \/>\n<meta name=\"twitter:label1\" content=\"Est. reading time\" \/>\n\t<meta name=\"twitter:data1\" content=\"3 minutes\" \/>\n<script type=\"application\/ld+json\" class=\"yoast-schema-graph\">{\"@context\":\"https:\/\/schema.org\",\"@graph\":[{\"@type\":\"WebPage\",\"@id\":\"https:\/\/hope-estate-immobilier.fr\/conciergerie\/\",\"url\":\"https:\/\/hope-estate-immobilier.fr\/conciergerie\/\",\"name\":\"Conciergerie - Hope Estate Immobilier\",\"isPartOf\":{\"@id\":\"https:\/\/hope-estate-immobilier.fr\/#website\"},\"primaryImageOfPage\":{\"@id\":\"https:\/\/hope-estate-immobilier.fr\/conciergerie\/#primaryimage\"},\"image\":{\"@id\":\"https:\/\/hope-estate-immobilier.fr\/conciergerie\/#primaryimage\"},\"thumbnailUrl\":\"https:\/\/hope-estate-immobilier.fr\/wp-content\/uploads\/2025\/09\/jet-ski-sxm-758x564.webp\",\"datePublished\":\"2025-09-16T16:13:55+00:00\",\"dateModified\":\"2025-09-29T08:00:02+00:00\",\"breadcrumb\":{\"@id\":\"https:\/\/hope-estate-immobilier.fr\/conciergerie\/#breadcrumb\"},\"inLanguage\":\"en-US\",\"potentialAction\":[{\"@type\":\"ReadAction\",\"target\":[\"https:\/\/hope-estate-immobilier.fr\/conciergerie\/\"]}]},{\"@type\":\"ImageObject\",\"inLanguage\":\"en-US\",\"@id\":\"https:\/\/hope-estate-immobilier.fr\/conciergerie\/#primaryimage\",\"url\":\"https:\/\/hope-estate-immobilier.fr\/wp-content\/uploads\/2025\/09\/jet-ski-sxm-758x564.webp\",\"contentUrl\":\"https:\/\/hope-estate-immobilier.fr\/wp-content\/uploads\/2025\/09\/jet-ski-sxm-758x564.webp\"},{\"@type\":\"BreadcrumbList\",\"@id\":\"https:\/\/hope-estate-immobilier.fr\/conciergerie\/#breadcrumb\",\"itemListElement\":[{\"@type\":\"ListItem\",\"position\":1,\"name\":\"Accueil\",\"item\":\"https:\/\/hope-estate-immobilier.fr\/\"},{\"@type\":\"ListItem\",\"position\":2,\"name\":\"Conciergerie\"}]},{\"@type\":\"WebSite\",\"@id\":\"https:\/\/hope-estate-immobilier.fr\/#website\",\"url\":\"https:\/\/hope-estate-immobilier.fr\/\",\"name\":\"Hope Estate Immobilier\",\"description\":\"L&#039;immobilier Facile\",\"publisher\":{\"@id\":\"https:\/\/hope-estate-immobilier.fr\/#organization\"},\"potentialAction\":[{\"@type\":\"SearchAction\",\"target\":{\"@type\":\"EntryPoint\",\"urlTemplate\":\"https:\/\/hope-estate-immobilier.fr\/?s={search_term_string}\"},\"query-input\":{\"@type\":\"PropertyValueSpecification\",\"valueRequired\":true,\"valueName\":\"search_term_string\"}}],\"inLanguage\":\"en-US\"},{\"@type\":\"Organization\",\"@id\":\"https:\/\/hope-estate-immobilier.fr\/#organization\",\"name\":\"Hope Estate Immobilier\",\"url\":\"https:\/\/hope-estate-immobilier.fr\/\",\"logo\":{\"@type\":\"ImageObject\",\"inLanguage\":\"en-US\",\"@id\":\"https:\/\/hope-estate-immobilier.fr\/#\/schema\/logo\/image\/\",\"url\":\"https:\/\/hope-estate-immobilier.fr\/wp-content\/uploads\/2025\/01\/cropped-logo-png.png\",\"contentUrl\":\"https:\/\/hope-estate-immobilier.fr\/wp-content\/uploads\/2025\/01\/cropped-logo-png.png\",\"width\":512,\"height\":512,\"caption\":\"Hope Estate Immobilier\"},\"image\":{\"@id\":\"https:\/\/hope-estate-immobilier.fr\/#\/schema\/logo\/image\/\"},\"sameAs\":[\"https:\/\/www.facebook.com\/profile.php?id=61575309352823\"]}]}<\/script>\n<!-- \/ Yoast SEO plugin. -->","yoast_head_json":{"title":"Conciergerie - Hope Estate Immobilier","robots":{"index":"index","follow":"follow","max-snippet":"max-snippet:-1","max-image-preview":"max-image-preview:large","max-video-preview":"max-video-preview:-1"},"canonical":"https:\/\/hope-estate-immobilier.fr\/en\/conciergerie\/","og_locale":"en_US","og_type":"article","og_title":"Conciergerie - Hope Estate Immobilier","og_description":"Jet-ski Location voiture &amp; scooter Locations saisonni\u00e8res Catamaran Activit\u00e9s nautiques Transferts a\u00e9roport Conciergerie sur l&#8217;ile de Saint-Martin (SXM) Vivez l\u2019exp\u00e9rience carib\u00e9enne en toute s\u00e9r\u00e9nit\u00e9. Vivez l\u2019excellence \u00e0 Saint-Martin gr\u00e2ce \u00e0 notre service de conciergerie\u00a0 Chez Hope Estate Immobilier, nous ne nous contentons pas de vous proposer des biens en location saisonni\u00e8re \u00e0 Saint-Martin, nous vous [&hellip;]","og_url":"https:\/\/hope-estate-immobilier.fr\/en\/conciergerie\/","og_site_name":"Hope Estate Immobilier","article_publisher":"https:\/\/www.facebook.com\/profile.php?id=61575309352823","article_modified_time":"2025-09-29T08:00:02+00:00","og_image":[{"width":1707,"height":2560,"url":"https:\/\/hope-estate-immobilier.fr\/wp-content\/uploads\/2025\/09\/jet-ski-sxm-scaled.webp","type":"image\/webp"}],"twitter_card":"summary_large_image","twitter_misc":{"Est. reading time":"3 minutes"},"schema":{"@context":"https:\/\/schema.org","@graph":[{"@type":"WebPage","@id":"https:\/\/hope-estate-immobilier.fr\/conciergerie\/","url":"https:\/\/hope-estate-immobilier.fr\/conciergerie\/","name":"Conciergerie - Hope Estate Immobilier","isPartOf":{"@id":"https:\/\/hope-estate-immobilier.fr\/#website"},"primaryImageOfPage":{"@id":"https:\/\/hope-estate-immobilier.fr\/conciergerie\/#primaryimage"},"image":{"@id":"https:\/\/hope-estate-immobilier.fr\/conciergerie\/#primaryimage"},"thumbnailUrl":"https:\/\/hope-estate-immobilier.fr\/wp-content\/uploads\/2025\/09\/jet-ski-sxm-758x564.webp","datePublished":"2025-09-16T16:13:55+00:00","dateModified":"2025-09-29T08:00:02+00:00","breadcrumb":{"@id":"https:\/\/hope-estate-immobilier.fr\/conciergerie\/#breadcrumb"},"inLanguage":"en-US","potentialAction":[{"@type":"ReadAction","target":["https:\/\/hope-estate-immobilier.fr\/conciergerie\/"]}]},{"@type":"ImageObject","inLanguage":"en-US","@id":"https:\/\/hope-estate-immobilier.fr\/conciergerie\/#primaryimage","url":"https:\/\/hope-estate-immobilier.fr\/wp-content\/uploads\/2025\/09\/jet-ski-sxm-758x564.webp","contentUrl":"https:\/\/hope-estate-immobilier.fr\/wp-content\/uploads\/2025\/09\/jet-ski-sxm-758x564.webp"},{"@type":"BreadcrumbList","@id":"https:\/\/hope-estate-immobilier.fr\/conciergerie\/#breadcrumb","itemListElement":[{"@type":"ListItem","position":1,"name":"Accueil","item":"https:\/\/hope-estate-immobilier.fr\/"},{"@type":"ListItem","position":2,"name":"Conciergerie"}]},{"@type":"WebSite","@id":"https:\/\/hope-estate-immobilier.fr\/#website","url":"https:\/\/hope-estate-immobilier.fr\/","name":"Hope Estate Real Estate","description":"L&#039;immobilier Facile","publisher":{"@id":"https:\/\/hope-estate-immobilier.fr\/#organization"},"potentialAction":[{"@type":"SearchAction","target":{"@type":"EntryPoint","urlTemplate":"https:\/\/hope-estate-immobilier.fr\/?s={search_term_string}"},"query-input":{"@type":"PropertyValueSpecification","valueRequired":true,"valueName":"search_term_string"}}],"inLanguage":"en-US"},{"@type":"Organization","@id":"https:\/\/hope-estate-immobilier.fr\/#organization","name":"Hope Estate Real Estate","url":"https:\/\/hope-estate-immobilier.fr\/","logo":{"@type":"ImageObject","inLanguage":"en-US","@id":"https:\/\/hope-estate-immobilier.fr\/#\/schema\/logo\/image\/","url":"https:\/\/hope-estate-immobilier.fr\/wp-content\/uploads\/2025\/01\/cropped-logo-png.png","contentUrl":"https:\/\/hope-estate-immobilier.fr\/wp-content\/uploads\/2025\/01\/cropped-logo-png.png","width":512,"height":512,"caption":"Hope Estate Immobilier"},"image":{"@id":"https:\/\/hope-estate-immobilier.fr\/#\/schema\/logo\/image\/"},"sameAs":["https:\/\/www.facebook.com\/profile.php?id=61575309352823"]}]}},"_links":{"self":[{"href":"https:\/\/hope-estate-immobilier.fr\/en\/wp-json\/wp\/v2\/pages\/31846","targetHints":{"allow":["GET"]}}],"collection":[{"href":"https:\/\/hope-estate-immobilier.fr\/en\/wp-json\/wp\/v2\/pages"}],"about":[{"href":"https:\/\/hope-estate-immobilier.fr\/en\/wp-json\/wp\/v2\/types\/page"}],"author":[{"embeddable":true,"href":"https:\/\/hope-estate-immobilier.fr\/en\/wp-json\/wp\/v2\/users\/4"}],"replies":[{"embeddable":true,"href":"https:\/\/hope-estate-immobilier.fr\/en\/wp-json\/wp\/v2\/comments?post=31846"}],"version-history":[{"count":31,"href":"https:\/\/hope-estate-immobilier.fr\/en\/wp-json\/wp\/v2\/pages\/31846\/revisions"}],"predecessor-version":[{"id":37582,"href":"https:\/\/hope-estate-immobilier.fr\/en\/wp-json\/wp\/v2\/pages\/31846\/revisions\/37582"}],"wp:attachment":[{"href":"https:\/\/hope-estate-immobilier.fr\/en\/wp-json\/wp\/v2\/media?parent=31846"}],"curies":[{"name":"wp","href":"https:\/\/api.w.org\/{rel}","templated":true}]}}