{"id":31870,"date":"2025-09-17T03:04:28","date_gmt":"2025-09-17T07:04:28","guid":{"rendered":"https:\/\/hope-estate-immobilier.fr\/?page_id=31870"},"modified":"2025-10-03T08:53:52","modified_gmt":"2025-10-03T12:53:52","slug":"location-2","status":"publish","type":"page","link":"https:\/\/hope-estate-immobilier.fr\/en\/location-2\/","title":{"rendered":"Location saisonni\u00e8re \u00e0 Saint-Martin"},"content":{"rendered":"<div data-elementor-type=\"wp-page\" data-elementor-id=\"31870\" class=\"elementor elementor-31870\">\n\t\t\t\t<div class=\"elementor-element elementor-element-c4f19ab e-flex e-con-boxed e-con e-parent\" data-id=\"c4f19ab\" data-element_type=\"container\">\n\t\t\t\t\t<div class=\"e-con-inner\">\n\t\t\t\t<div class=\"elementor-element elementor-element-588bdfc elementor-widget elementor-widget-houzez_elementor_section_title\" data-id=\"588bdfc\" data-element_type=\"widget\" data-widget_type=\"houzez_elementor_section_title.default\">\n\t\t\t\t<div class=\"elementor-widget-container\">\n\t\t\t\t\t            <div class=\"houzez_section_title_wrap section-title-module\">\n                                    <h2 class=\"houzez_section_title\">Location saisonni\u00e8re sur l'\u00eele de Saint-Martin<\/h2>\n                \n                            <\/div>\n            \t\t\t\t<\/div>\n\t\t\t\t<\/div>\n\t\t\t\t<div class=\"elementor-element elementor-element-8dc88dd elementor-widget elementor-widget-houzez_elementor_property-card-v6\" data-id=\"8dc88dd\" data-element_type=\"widget\" data-widget_type=\"houzez_elementor_property-card-v6.default\">\n\t\t\t\t<div class=\"elementor-widget-container\">\n\t\t\t\t\t\t\t\r\n\t\t<div id=\"properties_module_section\" class=\"property-cards-module property-cards-module-v1 property-cards-module-3-cols\">\r\n\t\t\t<div id=\"module_properties\" class=\"listing-view grid-view card-deck grid-view-3-cols\">\r\n\t\t\t\t<div class=\"col-lg-12\">\n\t<p class=\"mt-30 text-center\">\n\t\tNo listing found.\t<\/p>\n<\/div>\r\n\t\t\t<\/div><!-- listing-view -->\r\n\r\n\t\t\t\t\t\t\t<div id=\"fave-pagination-loadmore\" class=\"load-more-wrap mb-4 fave-load-more\">\r\n                    <a class=\"btn btn-primary-outlined btn-load-more\"  \r\n                    data-paged=\"2\" \r\n                    data-prop-limit=\"2\" \r\n                    data-card=\"item-v6\" \r\n                    data-type=\"\" \r\n                    data-status=\"location-saisonniere\" \r\n                    data-state=\"\" \r\n                    data-city=\"\" \r\n                    data-country=\"\" \r\n                    data-area=\"\" \r\n                    data-label=\"\" \r\n                    data-user-role=\"\" \r\n                    data-featured-prop=\"\" \r\n                    data-offset=\"\"\r\n                    data-sortby=\"\"\r\n                    data-property_ids=\"\"\r\n                    data-min_price=\"\"\r\n                    data-max_price=\"\"\r\n                    data-min_beds=\"\"\r\n                    data-max_beds=\"\"\r\n                    data-min_baths=\"\"\r\n                    data-max_baths=\"\"\r\n                    data-agents=\"\"\r\n                    data-agencies=\"\"\r\n                    data-post_status=\"all\"\r\n                    href=\"#\">\r\n                    \t<span class=\"btn-loader houzez-loader-js\"><\/span>                    \tLoad More\t\t\r\n                    <\/a>               \r\n\t\t\t\t<\/div><!-- load-more-wrap -->\r\n\t\t\t\t\t<\/div><!-- property-grid-module -->\r\n\r\n\t\t\t\t\t\t<\/div>\n\t\t\t\t<\/div>\n\t\t\t\t\t<\/div>\n\t\t\t\t<\/div>\n\t\t<div class=\"elementor-element elementor-element-86f73a4 e-flex e-con-boxed e-con e-parent\" data-id=\"86f73a4\" data-element_type=\"container\">\n\t\t\t\t\t<div class=\"e-con-inner\">\n\t\t\t\t<div class=\"elementor-element elementor-element-8d70b8c elementor-widget elementor-widget-text-editor\" data-id=\"8d70b8c\" data-element_type=\"widget\" data-widget_type=\"text-editor.default\">\n\t\t\t\t<div class=\"elementor-widget-container\">\n\t\t\t\t\t\t\t\t\t<h3>Vivez des vacances inoubliables sur l\u2019\u00eele paradisiaque de Saint-Martin<\/h3><p class=\"p1\">Notre service de location saisonni\u00e8re sur l\u2019\u00eele de Saint Martin, parfaitement au fait des demandes sp\u00e9cifiques des amoureux de la perle des Cara\u00efbes, trouveront, sur nos plages de sables fins, notre soleil, notre attractivit\u00e9 gastronomique et nos soir\u00e9es festives, l\u2019aboutissement de vacances parfaitement r\u00e9ussies.<\/p><p class=\"p1\">Notre panel de locations saisonni\u00e8res, de studios, d\u2019appartements, maisons et villas haut de gamme seront r\u00e9pondre aux demandes des plus exigeants.<\/p><p class=\"p1\">Nous vous accompagnerons, tout au long de votre s\u00e9jour, afin de faire de ce dernier des souvenirs inoubliables sur l\u2019\u00eele de Saint-Martin.<\/p>\t\t\t\t\t\t\t\t<\/div>\n\t\t\t\t<\/div>\n\t\t\t\t<div class=\"elementor-element elementor-element-df3d271 elementor-widget elementor-widget-image\" data-id=\"df3d271\" data-element_type=\"widget\" data-widget_type=\"image.default\">\n\t\t\t\t<div class=\"elementor-widget-container\">\n\t\t\t\t\t\t\t\t\t\t\t\t\t\t\t<img fetchpriority=\"high\" decoding=\"async\" width=\"1024\" height=\"655\" src=\"https:\/\/hope-estate-immobilier.fr\/wp-content\/uploads\/2025\/09\/atterissage-avion-maho-beach-1024x655.webp\" class=\"attachment-large size-large wp-image-31861\" alt=\"L&#039;atterrissage d&#039;un avion au dessus de la plage de Maho Beach \u00e0 Saint-Martin.\" srcset=\"https:\/\/hope-estate-immobilier.fr\/wp-content\/uploads\/2025\/09\/atterissage-avion-maho-beach-1024x655.webp 1024w, https:\/\/hope-estate-immobilier.fr\/wp-content\/uploads\/2025\/09\/atterissage-avion-maho-beach-300x192.webp 300w, https:\/\/hope-estate-immobilier.fr\/wp-content\/uploads\/2025\/09\/atterissage-avion-maho-beach-768x491.webp 768w, https:\/\/hope-estate-immobilier.fr\/wp-content\/uploads\/2025\/09\/atterissage-avion-maho-beach-1536x982.webp 1536w, https:\/\/hope-estate-immobilier.fr\/wp-content\/uploads\/2025\/09\/atterissage-avion-maho-beach-scaled.webp 1920w, https:\/\/hope-estate-immobilier.fr\/wp-content\/uploads\/2025\/09\/atterissage-avion-maho-beach-18x12.webp 18w, https:\/\/hope-estate-immobilier.fr\/wp-content\/uploads\/2025\/09\/atterissage-avion-maho-beach-938x600.webp 938w, https:\/\/hope-estate-immobilier.fr\/wp-content\/uploads\/2025\/09\/atterissage-avion-maho-beach-496x317.webp 496w\" sizes=\"(max-width: 1024px) 100vw, 1024px\" \/>\t\t\t\t\t\t\t\t\t\t\t\t\t\t\t<\/div>\n\t\t\t\t<\/div>\n\t\t\t\t\t<\/div>\n\t\t\t\t<\/div>\n\t\t<div class=\"elementor-element elementor-element-84eb6f9 e-flex e-con-boxed e-con e-parent\" data-id=\"84eb6f9\" data-element_type=\"container\">\n\t\t\t\t\t<div class=\"e-con-inner\">\n\t\t\t\t<div class=\"elementor-element elementor-element-62febf6 elementor-widget elementor-widget-text-editor\" data-id=\"62febf6\" data-element_type=\"widget\" data-widget_type=\"text-editor.default\">\n\t\t\t\t<div class=\"elementor-widget-container\">\n\t\t\t\t\t\t\t\t\t<p class=\"p1\">Notre s\u00e9lection de biens r\u00e9pond \u00e0 toutes les envies, que ce soit un studio moderne pour les couples en escapade romantique, un appartement spacieux pour les familles ou les groupes d\u2019amis, une maison authentique au charme carib\u00e9en ou une villa de prestige avec piscine priv\u00e9e.<\/p><p class=\"p1\">Nous choisissons soigneusement nos biens pour vous offrir confort, emplacement strat\u00e9gique et prestations de qualit\u00e9.<\/p><h4>Mais pourquoi choisir Saint-Martin pour vos vacances ?\u00a0<\/h4><p class=\"p1\">Entre ses plages de sable fin comme Orient Bay, Grand Case ou Baie Rouge, sa gastronomie qui marie \u00e0 merveille cuisine fran\u00e7aise et cr\u00e9ole, et la multitude d\u2019activit\u00e9s propos\u00e9es, (plong\u00e9e, jet ski, paddle, flyboard, catamaran, kitesurf ou encore location de voiture pour explorer l\u2019\u00eele),\u00a0 impossible de s\u2019ennuyer sur la friendly island. Ajoutez \u00e0 cela un climat tropical ensoleill\u00e9 toute l\u2019ann\u00e9e, une ambiance festive avec ses bars de plage, ses clubs et ses \u00e9v\u00e9nements culturels comme le sxm festival, et vous avez la recette parfaite pour des vacances inoubliables.<\/p>\t\t\t\t\t\t\t\t<\/div>\n\t\t\t\t<\/div>\n\t\t\t\t\t<\/div>\n\t\t\t\t<\/div>\n\t\t\t\t<\/div>","protected":false},"excerpt":{"rendered":"<p>Location saisonni\u00e8re sur l&#8217;\u00eele de Saint-Martin Location saisonni\u00e8re Coup de coeur Location saisonni\u00e8re T2 sur la plage &#8211; Grand-Case &#8211; Saint-Martin 170\u20ac par nuit Lit: 1 Bain: 1 Location saisonni\u00e8re Coup de coeur Location saisonni\u00e8re Studio sur la plage &#8211; Grand-Case &#8211; Saint-Martin 150\u20ac par nuit Bain: 1 Charger plus Vivez des vacances inoubliables sur [&hellip;]<\/p>","protected":false},"author":4,"featured_media":0,"parent":0,"menu_order":0,"comment_status":"closed","ping_status":"closed","template":"elementor_header_footer","meta":{"footnotes":""},"class_list":["post-31870","page","type-page","status-publish","hentry"],"yoast_head":"<!-- This site is optimized with the Yoast SEO plugin v26.5 - https:\/\/yoast.com\/wordpress\/plugins\/seo\/ -->\n<title>Location saisonni\u00e8re \u00e0 Saint-Martin - Hope Estate Immobilier<\/title>\n<meta name=\"robots\" content=\"index, follow, max-snippet:-1, max-image-preview:large, max-video-preview:-1\" \/>\n<link rel=\"canonical\" href=\"https:\/\/hope-estate-immobilier.fr\/en\/location-2\/\" \/>\n<meta property=\"og:locale\" content=\"en_US\" \/>\n<meta property=\"og:type\" content=\"article\" \/>\n<meta property=\"og:title\" content=\"Location saisonni\u00e8re \u00e0 Saint-Martin - Hope Estate Immobilier\" \/>\n<meta property=\"og:description\" content=\"Location saisonni\u00e8re sur l&#8217;\u00eele de Saint-Martin Location saisonni\u00e8re Coup de coeur Location saisonni\u00e8re T2 sur la plage &#8211; Grand-Case &#8211; Saint-Martin 170\u20ac par nuit Lit: 1 Bain: 1 Location saisonni\u00e8re Coup de coeur Location saisonni\u00e8re Studio sur la plage &#8211; Grand-Case &#8211; Saint-Martin 150\u20ac par nuit Bain: 1 Charger plus Vivez des vacances inoubliables sur [&hellip;]\" \/>\n<meta property=\"og:url\" content=\"https:\/\/hope-estate-immobilier.fr\/en\/location-2\/\" \/>\n<meta property=\"og:site_name\" content=\"Hope Estate Immobilier\" \/>\n<meta property=\"article:publisher\" content=\"https:\/\/www.facebook.com\/profile.php?id=61575309352823\" \/>\n<meta property=\"article:modified_time\" content=\"2025-10-03T12:53:52+00:00\" \/>\n<meta property=\"og:image\" content=\"https:\/\/placehold.it\/758x564&#038;text=Hope+Estate+Immobilier\" \/>\n<meta name=\"twitter:card\" content=\"summary_large_image\" \/>\n<meta name=\"twitter:label1\" content=\"Est. reading time\" \/>\n\t<meta name=\"twitter:data1\" content=\"3 minutes\" \/>\n<script type=\"application\/ld+json\" class=\"yoast-schema-graph\">{\"@context\":\"https:\/\/schema.org\",\"@graph\":[{\"@type\":\"WebPage\",\"@id\":\"https:\/\/hope-estate-immobilier.fr\/location-2\/\",\"url\":\"https:\/\/hope-estate-immobilier.fr\/location-2\/\",\"name\":\"Location saisonni\u00e8re \u00e0 Saint-Martin - Hope Estate Immobilier\",\"isPartOf\":{\"@id\":\"https:\/\/hope-estate-immobilier.fr\/#website\"},\"primaryImageOfPage\":{\"@id\":\"https:\/\/hope-estate-immobilier.fr\/location-2\/#primaryimage\"},\"image\":{\"@id\":\"https:\/\/hope-estate-immobilier.fr\/location-2\/#primaryimage\"},\"thumbnailUrl\":\"https:\/\/placehold.it\/758x564&#038;text=Hope+Estate+Immobilier\",\"datePublished\":\"2025-09-17T07:04:28+00:00\",\"dateModified\":\"2025-10-03T12:53:52+00:00\",\"breadcrumb\":{\"@id\":\"https:\/\/hope-estate-immobilier.fr\/location-2\/#breadcrumb\"},\"inLanguage\":\"en-US\",\"potentialAction\":[{\"@type\":\"ReadAction\",\"target\":[\"https:\/\/hope-estate-immobilier.fr\/location-2\/\"]}]},{\"@type\":\"ImageObject\",\"inLanguage\":\"en-US\",\"@id\":\"https:\/\/hope-estate-immobilier.fr\/location-2\/#primaryimage\",\"url\":\"https:\/\/placehold.it\/758x564&#038;text=Hope+Estate+Immobilier\",\"contentUrl\":\"https:\/\/placehold.it\/758x564&#038;text=Hope+Estate+Immobilier\"},{\"@type\":\"BreadcrumbList\",\"@id\":\"https:\/\/hope-estate-immobilier.fr\/location-2\/#breadcrumb\",\"itemListElement\":[{\"@type\":\"ListItem\",\"position\":1,\"name\":\"Accueil\",\"item\":\"https:\/\/hope-estate-immobilier.fr\/\"},{\"@type\":\"ListItem\",\"position\":2,\"name\":\"Location saisonni\u00e8re \u00e0 Saint-Martin\"}]},{\"@type\":\"WebSite\",\"@id\":\"https:\/\/hope-estate-immobilier.fr\/#website\",\"url\":\"https:\/\/hope-estate-immobilier.fr\/\",\"name\":\"Hope Estate Immobilier\",\"description\":\"L&#039;immobilier Facile\",\"publisher\":{\"@id\":\"https:\/\/hope-estate-immobilier.fr\/#organization\"},\"potentialAction\":[{\"@type\":\"SearchAction\",\"target\":{\"@type\":\"EntryPoint\",\"urlTemplate\":\"https:\/\/hope-estate-immobilier.fr\/?s={search_term_string}\"},\"query-input\":{\"@type\":\"PropertyValueSpecification\",\"valueRequired\":true,\"valueName\":\"search_term_string\"}}],\"inLanguage\":\"en-US\"},{\"@type\":\"Organization\",\"@id\":\"https:\/\/hope-estate-immobilier.fr\/#organization\",\"name\":\"Hope Estate Immobilier\",\"url\":\"https:\/\/hope-estate-immobilier.fr\/\",\"logo\":{\"@type\":\"ImageObject\",\"inLanguage\":\"en-US\",\"@id\":\"https:\/\/hope-estate-immobilier.fr\/#\/schema\/logo\/image\/\",\"url\":\"https:\/\/hope-estate-immobilier.fr\/wp-content\/uploads\/2025\/01\/cropped-logo-png.png\",\"contentUrl\":\"https:\/\/hope-estate-immobilier.fr\/wp-content\/uploads\/2025\/01\/cropped-logo-png.png\",\"width\":512,\"height\":512,\"caption\":\"Hope Estate Immobilier\"},\"image\":{\"@id\":\"https:\/\/hope-estate-immobilier.fr\/#\/schema\/logo\/image\/\"},\"sameAs\":[\"https:\/\/www.facebook.com\/profile.php?id=61575309352823\"]}]}<\/script>\n<!-- \/ Yoast SEO plugin. -->","yoast_head_json":{"title":"Location saisonni\u00e8re \u00e0 Saint-Martin - Hope Estate Immobilier","robots":{"index":"index","follow":"follow","max-snippet":"max-snippet:-1","max-image-preview":"max-image-preview:large","max-video-preview":"max-video-preview:-1"},"canonical":"https:\/\/hope-estate-immobilier.fr\/en\/location-2\/","og_locale":"en_US","og_type":"article","og_title":"Location saisonni\u00e8re \u00e0 Saint-Martin - Hope Estate Immobilier","og_description":"Location saisonni\u00e8re sur l&#8217;\u00eele de Saint-Martin Location saisonni\u00e8re Coup de coeur Location saisonni\u00e8re T2 sur la plage &#8211; Grand-Case &#8211; Saint-Martin 170\u20ac par nuit Lit: 1 Bain: 1 Location saisonni\u00e8re Coup de coeur Location saisonni\u00e8re Studio sur la plage &#8211; Grand-Case &#8211; Saint-Martin 150\u20ac par nuit Bain: 1 Charger plus Vivez des vacances inoubliables sur [&hellip;]","og_url":"https:\/\/hope-estate-immobilier.fr\/en\/location-2\/","og_site_name":"Hope Estate Immobilier","article_publisher":"https:\/\/www.facebook.com\/profile.php?id=61575309352823","article_modified_time":"2025-10-03T12:53:52+00:00","og_image":[{"url":"https:\/\/placehold.it\/758x564&#038;text=Hope+Estate+Immobilier","type":"","width":"","height":""}],"twitter_card":"summary_large_image","twitter_misc":{"Est. reading time":"3 minutes"},"schema":{"@context":"https:\/\/schema.org","@graph":[{"@type":"WebPage","@id":"https:\/\/hope-estate-immobilier.fr\/location-2\/","url":"https:\/\/hope-estate-immobilier.fr\/location-2\/","name":"Location saisonni\u00e8re \u00e0 Saint-Martin - Hope Estate Immobilier","isPartOf":{"@id":"https:\/\/hope-estate-immobilier.fr\/#website"},"primaryImageOfPage":{"@id":"https:\/\/hope-estate-immobilier.fr\/location-2\/#primaryimage"},"image":{"@id":"https:\/\/hope-estate-immobilier.fr\/location-2\/#primaryimage"},"thumbnailUrl":"https:\/\/placehold.it\/758x564&#038;text=Hope+Estate+Immobilier","datePublished":"2025-09-17T07:04:28+00:00","dateModified":"2025-10-03T12:53:52+00:00","breadcrumb":{"@id":"https:\/\/hope-estate-immobilier.fr\/location-2\/#breadcrumb"},"inLanguage":"en-US","potentialAction":[{"@type":"ReadAction","target":["https:\/\/hope-estate-immobilier.fr\/location-2\/"]}]},{"@type":"ImageObject","inLanguage":"en-US","@id":"https:\/\/hope-estate-immobilier.fr\/location-2\/#primaryimage","url":"https:\/\/placehold.it\/758x564&#038;text=Hope+Estate+Immobilier","contentUrl":"https:\/\/placehold.it\/758x564&#038;text=Hope+Estate+Immobilier"},{"@type":"BreadcrumbList","@id":"https:\/\/hope-estate-immobilier.fr\/location-2\/#breadcrumb","itemListElement":[{"@type":"ListItem","position":1,"name":"Accueil","item":"https:\/\/hope-estate-immobilier.fr\/"},{"@type":"ListItem","position":2,"name":"Location saisonni\u00e8re \u00e0 Saint-Martin"}]},{"@type":"WebSite","@id":"https:\/\/hope-estate-immobilier.fr\/#website","url":"https:\/\/hope-estate-immobilier.fr\/","name":"Hope Estate Real Estate","description":"L&#039;immobilier Facile","publisher":{"@id":"https:\/\/hope-estate-immobilier.fr\/#organization"},"potentialAction":[{"@type":"SearchAction","target":{"@type":"EntryPoint","urlTemplate":"https:\/\/hope-estate-immobilier.fr\/?s={search_term_string}"},"query-input":{"@type":"PropertyValueSpecification","valueRequired":true,"valueName":"search_term_string"}}],"inLanguage":"en-US"},{"@type":"Organization","@id":"https:\/\/hope-estate-immobilier.fr\/#organization","name":"Hope Estate Real Estate","url":"https:\/\/hope-estate-immobilier.fr\/","logo":{"@type":"ImageObject","inLanguage":"en-US","@id":"https:\/\/hope-estate-immobilier.fr\/#\/schema\/logo\/image\/","url":"https:\/\/hope-estate-immobilier.fr\/wp-content\/uploads\/2025\/01\/cropped-logo-png.png","contentUrl":"https:\/\/hope-estate-immobilier.fr\/wp-content\/uploads\/2025\/01\/cropped-logo-png.png","width":512,"height":512,"caption":"Hope Estate Immobilier"},"image":{"@id":"https:\/\/hope-estate-immobilier.fr\/#\/schema\/logo\/image\/"},"sameAs":["https:\/\/www.facebook.com\/profile.php?id=61575309352823"]}]}},"_links":{"self":[{"href":"https:\/\/hope-estate-immobilier.fr\/en\/wp-json\/wp\/v2\/pages\/31870","targetHints":{"allow":["GET"]}}],"collection":[{"href":"https:\/\/hope-estate-immobilier.fr\/en\/wp-json\/wp\/v2\/pages"}],"about":[{"href":"https:\/\/hope-estate-immobilier.fr\/en\/wp-json\/wp\/v2\/types\/page"}],"author":[{"embeddable":true,"href":"https:\/\/hope-estate-immobilier.fr\/en\/wp-json\/wp\/v2\/users\/4"}],"replies":[{"embeddable":true,"href":"https:\/\/hope-estate-immobilier.fr\/en\/wp-json\/wp\/v2\/comments?post=31870"}],"version-history":[{"count":11,"href":"https:\/\/hope-estate-immobilier.fr\/en\/wp-json\/wp\/v2\/pages\/31870\/revisions"}],"predecessor-version":[{"id":37615,"href":"https:\/\/hope-estate-immobilier.fr\/en\/wp-json\/wp\/v2\/pages\/31870\/revisions\/37615"}],"wp:attachment":[{"href":"https:\/\/hope-estate-immobilier.fr\/en\/wp-json\/wp\/v2\/media?parent=31870"}],"curies":[{"name":"wp","href":"https:\/\/api.w.org\/{rel}","templated":true}]}}