{"id":37574,"date":"2025-09-29T03:30:25","date_gmt":"2025-09-29T07:30:25","guid":{"rendered":"https:\/\/hope-estate-immobilier.fr\/?page_id=37574"},"modified":"2025-09-29T03:41:32","modified_gmt":"2025-09-29T07:41:32","slug":"contact","status":"publish","type":"page","link":"https:\/\/hope-estate-immobilier.fr\/en\/contact\/","title":{"rendered":"Contact"},"content":{"rendered":"<div data-elementor-type=\"wp-page\" data-elementor-id=\"37574\" class=\"elementor elementor-37574\">\n\t\t\t\t<div class=\"elementor-element elementor-element-aeed807 e-flex e-con-boxed e-con e-parent\" data-id=\"aeed807\" data-element_type=\"container\">\n\t\t\t\t\t<div class=\"e-con-inner\">\n\t\t\t\t<div class=\"elementor-element elementor-element-1396d30 elementor-widget elementor-widget-houzez_elementor_section_title\" data-id=\"1396d30\" data-element_type=\"widget\" data-widget_type=\"houzez_elementor_section_title.default\">\n\t\t\t\t<div class=\"elementor-widget-container\">\n\t\t\t\t\t            <div class=\"houzez_section_title_wrap section-title-module\">\n                                    <h2 class=\"houzez_section_title\">Appelez-nous au +590 690 50-4138 <\/h2>\n                \n                                    <p class=\"houzez_section_subtitle\">Ou remplissez ce formulaire pour \u00eatre recontact\u00e9 :<\/p>\n                            <\/div>\n            \t\t\t\t<\/div>\n\t\t\t\t<\/div>\n\t\t\t\t<div class=\"elementor-element elementor-element-e45d5fb elementor-button-align-stretch elementor-widget elementor-widget-houzez_elementor_contact_form\" data-id=\"e45d5fb\" data-element_type=\"widget\" data-widget_type=\"houzez_elementor_contact_form.default\">\n\t\t\t\t<div class=\"elementor-widget-container\">\n\t\t\t\t\t\n        <script type=\"application\/javascript\">\n            jQuery(document).bind(\"ready\", function () {\n                houzezValidateElementor(\"#houzez-form-e45d5fb\" );\n            });\n        <\/script>\n\n        <form class=\"elementor-form houzez-ele-form-js\" id=\"houzez-form-e45d5fb\" method=\"post\" name=\"New Form\" action=\"https:\/\/hope-estate-immobilier.fr\/wp-admin\/admin-ajax.php\">\n            <input type=\"hidden\" name=\"form_id\" value=\"e45d5fb\"\/>\n            <input type=\"hidden\" name=\"houzez_contact_form\" value=\"yes\"\/>\n            <input type=\"hidden\" name=\"action\" value=\"houzez_ele_contact_form\" \/>\n            <input type=\"hidden\" name=\"source_link\" value=\"https:\/\/hope-estate-immobilier.fr\/en\/contact\/\" \/>\n            <input type=\"hidden\" name=\"lead_page_id\" value=\"37574\" \/>\n            <input type=\"hidden\" name=\"webhook\" value=\"false\" \/>\n            <input type=\"hidden\" name=\"webhook_url\" value=\"\" \/>\n            <input type=\"hidden\" name=\"redirect_to\" value=\"\" \/>\n            <input type=\"hidden\" name=\"google_recaptcha\" value=\"yes\" \/>\n            \n\n            <div class=\"elementor-form-fields-wrapper elementor-labels-above\">\n\n                                    <div class=\"elementor-field-group elementor-column form-group elementor-field-group-name elementor-col-100 elementor-field-required elementor-mark-required\">\n                    <label for=\"form-field-name\" class=\"elementor-field-label\">Votre Nom<\/label><input type=\"text\" name=\"name\" id=\"form-field-name\" class=\"elementor-field form-control elementor-size-sm elementor-field-textual\" title=\"* Votre Nom\" required=\"required\">                    <\/div>\n\n                                        <div class=\"elementor-field-group elementor-column form-group elementor-field-group-email elementor-col-100 elementor-field-required elementor-mark-required\">\n                    <label for=\"form-field-email\" class=\"elementor-field-label\">Your phone number<\/label><input type=\"email\" name=\"email\" id=\"form-field-email\" class=\"elementor-field form-control elementor-size-sm elementor-field-textual\" title=\"* Votre num\u00e9ro de t\u00e9l\u00e9phone\" required=\"required\">                    <\/div>\n\n                                        <div class=\"elementor-field-group elementor-column form-group elementor-field-group-message elementor-col-100\">\n                    <label for=\"form-field-message\" class=\"elementor-field-label\">Pr\u00e9cisez-nous votre demande<\/label><textarea class=\"elementor-field-textual elementor-field elementor-size-sm\" name=\"message\" id=\"form-field-message\" rows=\"4\"><\/textarea>                    <\/div>\n\n                    \n                    \n                                        <div class=\"elementor-field-group\">\n                                            <\/div>\n                    \n                    <div class=\"elementor-field-group elementor-column elementor-field-type-submit elementor-col-100\">\n                    <button type=\"submit\" class=\"houzez-submit-button houzez-contact-form-js elementor-button elementor-size-md\">\n                        <i class=\"btn-loader houzez-loader-js\"><\/i>\n                                                    Envoyer                                            <\/button>\n                <\/div>\n            <\/div><!-- End wrapper-->\n            <br\/>\n            <div class=\"ele-form-messages\"><\/div>\n            <div class=\"error-container\"><\/div>\n\n        <\/form>\n\n    \t\t\t\t<\/div>\n\t\t\t\t<\/div>\n\t\t\t\t\t<\/div>\n\t\t\t\t<\/div>\n\t\t\t\t<\/div>","protected":false},"excerpt":{"rendered":"<p>Appelez-nous au +590 690 50-4138 Ou remplissez ce formulaire pour \u00eatre recontact\u00e9 : Votre Nom Votre num\u00e9ro de t\u00e9l\u00e9phone Pr\u00e9cisez-nous votre demande Envoyer<\/p>","protected":false},"author":4,"featured_media":0,"parent":0,"menu_order":0,"comment_status":"closed","ping_status":"closed","template":"elementor_header_footer","meta":{"footnotes":""},"class_list":["post-37574","page","type-page","status-publish","hentry"],"yoast_head":"<!-- This site is optimized with the Yoast SEO plugin v26.5 - https:\/\/yoast.com\/wordpress\/plugins\/seo\/ -->\n<title>Contact - Hope Estate Immobilier<\/title>\n<meta name=\"robots\" content=\"index, follow, max-snippet:-1, max-image-preview:large, max-video-preview:-1\" \/>\n<link rel=\"canonical\" href=\"https:\/\/hope-estate-immobilier.fr\/en\/contact\/\" \/>\n<meta property=\"og:locale\" content=\"en_US\" \/>\n<meta property=\"og:type\" content=\"article\" \/>\n<meta property=\"og:title\" content=\"Contact - Hope Estate Immobilier\" \/>\n<meta property=\"og:description\" content=\"Appelez-nous au +590 690 50-4138 Ou remplissez ce formulaire pour \u00eatre recontact\u00e9 : Votre Nom Votre num\u00e9ro de t\u00e9l\u00e9phone Pr\u00e9cisez-nous votre demande Envoyer\" \/>\n<meta property=\"og:url\" content=\"https:\/\/hope-estate-immobilier.fr\/en\/contact\/\" \/>\n<meta property=\"og:site_name\" content=\"Hope Estate Immobilier\" \/>\n<meta property=\"article:publisher\" content=\"https:\/\/www.facebook.com\/profile.php?id=61575309352823\" \/>\n<meta property=\"article:modified_time\" content=\"2025-09-29T07:41:32+00:00\" \/>\n<meta name=\"twitter:card\" content=\"summary_large_image\" \/>\n<meta name=\"twitter:label1\" content=\"Est. reading time\" \/>\n\t<meta name=\"twitter:data1\" content=\"1 minute\" \/>\n<script type=\"application\/ld+json\" class=\"yoast-schema-graph\">{\"@context\":\"https:\/\/schema.org\",\"@graph\":[{\"@type\":\"WebPage\",\"@id\":\"https:\/\/hope-estate-immobilier.fr\/contact\/\",\"url\":\"https:\/\/hope-estate-immobilier.fr\/contact\/\",\"name\":\"Contact - Hope Estate Immobilier\",\"isPartOf\":{\"@id\":\"https:\/\/hope-estate-immobilier.fr\/#website\"},\"datePublished\":\"2025-09-29T07:30:25+00:00\",\"dateModified\":\"2025-09-29T07:41:32+00:00\",\"breadcrumb\":{\"@id\":\"https:\/\/hope-estate-immobilier.fr\/contact\/#breadcrumb\"},\"inLanguage\":\"en-US\",\"potentialAction\":[{\"@type\":\"ReadAction\",\"target\":[\"https:\/\/hope-estate-immobilier.fr\/contact\/\"]}]},{\"@type\":\"BreadcrumbList\",\"@id\":\"https:\/\/hope-estate-immobilier.fr\/contact\/#breadcrumb\",\"itemListElement\":[{\"@type\":\"ListItem\",\"position\":1,\"name\":\"Accueil\",\"item\":\"https:\/\/hope-estate-immobilier.fr\/\"},{\"@type\":\"ListItem\",\"position\":2,\"name\":\"Contact\"}]},{\"@type\":\"WebSite\",\"@id\":\"https:\/\/hope-estate-immobilier.fr\/#website\",\"url\":\"https:\/\/hope-estate-immobilier.fr\/\",\"name\":\"Hope Estate Immobilier\",\"description\":\"L&#039;immobilier Facile\",\"publisher\":{\"@id\":\"https:\/\/hope-estate-immobilier.fr\/#organization\"},\"potentialAction\":[{\"@type\":\"SearchAction\",\"target\":{\"@type\":\"EntryPoint\",\"urlTemplate\":\"https:\/\/hope-estate-immobilier.fr\/?s={search_term_string}\"},\"query-input\":{\"@type\":\"PropertyValueSpecification\",\"valueRequired\":true,\"valueName\":\"search_term_string\"}}],\"inLanguage\":\"en-US\"},{\"@type\":\"Organization\",\"@id\":\"https:\/\/hope-estate-immobilier.fr\/#organization\",\"name\":\"Hope Estate Immobilier\",\"url\":\"https:\/\/hope-estate-immobilier.fr\/\",\"logo\":{\"@type\":\"ImageObject\",\"inLanguage\":\"en-US\",\"@id\":\"https:\/\/hope-estate-immobilier.fr\/#\/schema\/logo\/image\/\",\"url\":\"https:\/\/hope-estate-immobilier.fr\/wp-content\/uploads\/2025\/01\/cropped-logo-png.png\",\"contentUrl\":\"https:\/\/hope-estate-immobilier.fr\/wp-content\/uploads\/2025\/01\/cropped-logo-png.png\",\"width\":512,\"height\":512,\"caption\":\"Hope Estate Immobilier\"},\"image\":{\"@id\":\"https:\/\/hope-estate-immobilier.fr\/#\/schema\/logo\/image\/\"},\"sameAs\":[\"https:\/\/www.facebook.com\/profile.php?id=61575309352823\"]}]}<\/script>\n<!-- \/ Yoast SEO plugin. -->","yoast_head_json":{"title":"Contact - Hope Estate Immobilier","robots":{"index":"index","follow":"follow","max-snippet":"max-snippet:-1","max-image-preview":"max-image-preview:large","max-video-preview":"max-video-preview:-1"},"canonical":"https:\/\/hope-estate-immobilier.fr\/en\/contact\/","og_locale":"en_US","og_type":"article","og_title":"Contact - Hope Estate Immobilier","og_description":"Appelez-nous au +590 690 50-4138 Ou remplissez ce formulaire pour \u00eatre recontact\u00e9 : Votre Nom Votre num\u00e9ro de t\u00e9l\u00e9phone Pr\u00e9cisez-nous votre demande Envoyer","og_url":"https:\/\/hope-estate-immobilier.fr\/en\/contact\/","og_site_name":"Hope Estate Immobilier","article_publisher":"https:\/\/www.facebook.com\/profile.php?id=61575309352823","article_modified_time":"2025-09-29T07:41:32+00:00","twitter_card":"summary_large_image","twitter_misc":{"Est. reading time":"1 minute"},"schema":{"@context":"https:\/\/schema.org","@graph":[{"@type":"WebPage","@id":"https:\/\/hope-estate-immobilier.fr\/contact\/","url":"https:\/\/hope-estate-immobilier.fr\/contact\/","name":"Contact - Hope Estate Immobilier","isPartOf":{"@id":"https:\/\/hope-estate-immobilier.fr\/#website"},"datePublished":"2025-09-29T07:30:25+00:00","dateModified":"2025-09-29T07:41:32+00:00","breadcrumb":{"@id":"https:\/\/hope-estate-immobilier.fr\/contact\/#breadcrumb"},"inLanguage":"en-US","potentialAction":[{"@type":"ReadAction","target":["https:\/\/hope-estate-immobilier.fr\/contact\/"]}]},{"@type":"BreadcrumbList","@id":"https:\/\/hope-estate-immobilier.fr\/contact\/#breadcrumb","itemListElement":[{"@type":"ListItem","position":1,"name":"Accueil","item":"https:\/\/hope-estate-immobilier.fr\/"},{"@type":"ListItem","position":2,"name":"Contact"}]},{"@type":"WebSite","@id":"https:\/\/hope-estate-immobilier.fr\/#website","url":"https:\/\/hope-estate-immobilier.fr\/","name":"Hope Estate Real Estate","description":"L&#039;immobilier Facile","publisher":{"@id":"https:\/\/hope-estate-immobilier.fr\/#organization"},"potentialAction":[{"@type":"SearchAction","target":{"@type":"EntryPoint","urlTemplate":"https:\/\/hope-estate-immobilier.fr\/?s={search_term_string}"},"query-input":{"@type":"PropertyValueSpecification","valueRequired":true,"valueName":"search_term_string"}}],"inLanguage":"en-US"},{"@type":"Organization","@id":"https:\/\/hope-estate-immobilier.fr\/#organization","name":"Hope Estate Real Estate","url":"https:\/\/hope-estate-immobilier.fr\/","logo":{"@type":"ImageObject","inLanguage":"en-US","@id":"https:\/\/hope-estate-immobilier.fr\/#\/schema\/logo\/image\/","url":"https:\/\/hope-estate-immobilier.fr\/wp-content\/uploads\/2025\/01\/cropped-logo-png.png","contentUrl":"https:\/\/hope-estate-immobilier.fr\/wp-content\/uploads\/2025\/01\/cropped-logo-png.png","width":512,"height":512,"caption":"Hope Estate Immobilier"},"image":{"@id":"https:\/\/hope-estate-immobilier.fr\/#\/schema\/logo\/image\/"},"sameAs":["https:\/\/www.facebook.com\/profile.php?id=61575309352823"]}]}},"_links":{"self":[{"href":"https:\/\/hope-estate-immobilier.fr\/en\/wp-json\/wp\/v2\/pages\/37574","targetHints":{"allow":["GET"]}}],"collection":[{"href":"https:\/\/hope-estate-immobilier.fr\/en\/wp-json\/wp\/v2\/pages"}],"about":[{"href":"https:\/\/hope-estate-immobilier.fr\/en\/wp-json\/wp\/v2\/types\/page"}],"author":[{"embeddable":true,"href":"https:\/\/hope-estate-immobilier.fr\/en\/wp-json\/wp\/v2\/users\/4"}],"replies":[{"embeddable":true,"href":"https:\/\/hope-estate-immobilier.fr\/en\/wp-json\/wp\/v2\/comments?post=37574"}],"version-history":[{"count":4,"href":"https:\/\/hope-estate-immobilier.fr\/en\/wp-json\/wp\/v2\/pages\/37574\/revisions"}],"predecessor-version":[{"id":37579,"href":"https:\/\/hope-estate-immobilier.fr\/en\/wp-json\/wp\/v2\/pages\/37574\/revisions\/37579"}],"wp:attachment":[{"href":"https:\/\/hope-estate-immobilier.fr\/en\/wp-json\/wp\/v2\/media?parent=37574"}],"curies":[{"name":"wp","href":"https:\/\/api.w.org\/{rel}","templated":true}]}}