{"id":745,"date":"2016-03-10T18:51:46","date_gmt":"2016-03-10T18:51:46","guid":{"rendered":"https:\/\/demo05.houzez.co\/?page_id=745"},"modified":"2025-04-02T08:23:23","modified_gmt":"2025-04-02T12:23:23","slug":"terms-and-conditions","status":"publish","type":"page","link":"https:\/\/hope-estate-immobilier.fr\/en\/terms-and-conditions\/","title":{"rendered":"Legal Notices"},"content":{"rendered":"<p class=\"\" data-start=\"154\" data-end=\"175\"><strong data-start=\"154\" data-end=\"175\">Site Editor:<\/strong><\/p>\n<p class=\"\" data-start=\"177\" data-end=\"384\">The website www.hope-estate-immobilier.fr is published by the company HOPE ESTATE IMMOBILIER HOPE ESTATE IMMOBILIER with a capital of \u20ac1,000<br \/>\nHead office: 6, rue des Cotonniers Hope Estate 97150 Saint-Martin<br \/>\nSIRET number: 92229429300019<br \/>\nFinancial guarantee: QBE \u20ac110,000 with fund handling, Coeur D\u00e9fense \u2013 Tour A \u2013 110 Esplanade du g\u00e9n\u00e9ral de Gaulle<br \/>\nProfessional card number: CPI97812024000000002 issued by CCI of Saint Martin<\/p>\n<p class=\"\" data-start=\"177\" data-end=\"384\"><strong data-start=\"777\" data-end=\"800\">Site Host:<\/strong><\/p>\n<ul data-start=\"418\" data-end=\"775\">\n<li class=\"\" data-start=\"689\" data-end=\"775\">\n<p class=\"\" data-start=\"691\" data-end=\"775\">\n<\/li>\n<\/ul>\n<p class=\"\" data-start=\"218\" data-end=\"273\">The site <a class=\"\" href=\"https:\/\/hope-estate-immobilier.fr\/en\/\" target=\"_new\" rel=\"noopener\" data-start=\"226\" data-end=\"255\">www.hope-estate-immobilier.fr<\/a> is hosted by:<\/p>\n<p class=\"\" data-start=\"275\" data-end=\"449\"><strong data-start=\"275\" data-end=\"299\">Host Name:<\/strong> Hostinger International Ltd.<br data-start=\"328\" data-end=\"331\" \/><strong data-start=\"331\" data-end=\"359\">Host address:<\/strong> Hostinger, UAB, Jonas g. 60C, 44192 Kaunas, Lithuania<br data-start=\"414\" data-end=\"417\" \/><strong data-start=\"417\" data-end=\"430\">Server :<\/strong> Located in France<\/p>\n<h3>Data Protection Act<\/h3>\n<p data-start=\"154\" data-end=\"175\">In accordance with the Data Protection Act of 6 January 1978, Internet users whose personal data is processed by HOPE ESTATE IMMOBILIER have the right to access their data and the right to request the rectification, updating and deletion of their personal data by writing to the postal address of the site publisher.<\/p>\n<h3>Personal data<\/h3>\n<p data-start=\"154\" data-end=\"175\">Personal data is kept for an indefinite period and, if applicable, until the Internet user requests its removal. Personal information is never transmitted to third parties.<\/p>\n<h3>Cookies<\/h3>\n<p data-start=\"154\" data-end=\"175\">The cookies used on this site are used for statistical purposes only, do not contain any private information, and do not allow the user to be identified. Cookies are stored for 1 year.<\/p>\n<h3>Intellectual property<\/h3>\n<p data-start=\"154\" data-end=\"175\">This entire site is subject to French and international copyright and intellectual property law. All reproduction rights are reserved. Reproduction or representation, in whole or in part, of this site on an electronic medium or any other medium whatsoever is strictly prohibited without the express authorization of the publication director.<\/p>\n<h3>Force majeure<\/h3>\n<p data-start=\"154\" data-end=\"175\">The website publisher cannot be held liable in the event of force majeure or events beyond its control.<\/p>\n<h3>Changes to the legal notices<\/h3>\n<p data-start=\"154\" data-end=\"175\">The publisher reserves the right to modify the legal notices of the site freely and at any time. Use of the site constitutes acceptance of the legal notices in force.<\/p>\n<h3>Applicable law<\/h3>\n<p data-start=\"154\" data-end=\"175\">The website www.hope-estate-immobilier.fr is governed by French law.<\/p>\n<h3>Consumer mediator<\/h3>\n<div>Name of the mediator: MEDIATION \u2013 LET\u2019S LIVE BETTER TOGETHER<br \/>\nAddress of the mediator: 2 IMPASSE DE BEAUREGARD \u2013 54000 NANCY<br \/>\nMediator&#039;s website: www.mediation-vivons-mieux-ensemble.fr<\/div>\n<p class=\"\" data-start=\"802\" data-end=\"901\">","protected":false},"excerpt":{"rendered":"<p>\u00c9diteur du Site : Le site www.hope-estate-immobilier.fr est \u00e9dit\u00e9 par la soci\u00e9t\u00e9 HOPE ESTATE IMMOBILIER HOPE ESTATE IMMOBILIER au capital de 1000 \u20ac Si\u00e8ge social : 6, rue des Cotonniers Hope Estate 97150 Saint-Martin Num\u00e9ro SIRET : 92229429300019 Garantie financi\u00e8re : QBE 110 000 \u20ac avec maniement de fonds, Coeur D\u00e9fense &#8211; Tour A &#8211; [&hellip;]<\/p>","protected":false},"author":1,"featured_media":0,"parent":0,"menu_order":0,"comment_status":"closed","ping_status":"closed","template":"template\/template-page.php","meta":{"footnotes":""},"class_list":["post-745","page","type-page","status-publish","hentry"],"yoast_head":"<!-- This site is optimized with the Yoast SEO plugin v26.5 - https:\/\/yoast.com\/wordpress\/plugins\/seo\/ -->\n<title>Mentions L\u00e9gales - Hope Estate Immobilier<\/title>\n<meta name=\"robots\" content=\"index, follow, max-snippet:-1, max-image-preview:large, max-video-preview:-1\" \/>\n<link rel=\"canonical\" href=\"https:\/\/hope-estate-immobilier.fr\/en\/terms-and-conditions\/\" \/>\n<meta property=\"og:locale\" content=\"en_US\" \/>\n<meta property=\"og:type\" content=\"article\" \/>\n<meta property=\"og:title\" content=\"Mentions L\u00e9gales - Hope Estate Immobilier\" \/>\n<meta property=\"og:description\" content=\"\u00c9diteur du Site : Le site www.hope-estate-immobilier.fr est \u00e9dit\u00e9 par la soci\u00e9t\u00e9 HOPE ESTATE IMMOBILIER HOPE ESTATE IMMOBILIER au capital de 1000 \u20ac Si\u00e8ge social : 6, rue des Cotonniers Hope Estate 97150 Saint-Martin Num\u00e9ro SIRET : 92229429300019 Garantie financi\u00e8re : QBE 110 000 \u20ac avec maniement de fonds, Coeur D\u00e9fense &#8211; Tour A &#8211; [&hellip;]\" \/>\n<meta property=\"og:url\" content=\"https:\/\/hope-estate-immobilier.fr\/en\/terms-and-conditions\/\" \/>\n<meta property=\"og:site_name\" content=\"Hope Estate Immobilier\" \/>\n<meta property=\"article:publisher\" content=\"https:\/\/www.facebook.com\/profile.php?id=61575309352823\" \/>\n<meta property=\"article:modified_time\" content=\"2025-04-02T12:23:23+00:00\" \/>\n<meta name=\"twitter:card\" content=\"summary_large_image\" \/>\n<meta name=\"twitter:label1\" content=\"Est. reading time\" \/>\n\t<meta name=\"twitter:data1\" content=\"2 minutes\" \/>\n<script type=\"application\/ld+json\" class=\"yoast-schema-graph\">{\"@context\":\"https:\/\/schema.org\",\"@graph\":[{\"@type\":\"WebPage\",\"@id\":\"https:\/\/hope-estate-immobilier.fr\/terms-and-conditions\/\",\"url\":\"https:\/\/hope-estate-immobilier.fr\/terms-and-conditions\/\",\"name\":\"Mentions L\u00e9gales - Hope Estate Immobilier\",\"isPartOf\":{\"@id\":\"https:\/\/hope-estate-immobilier.fr\/#website\"},\"datePublished\":\"2016-03-10T18:51:46+00:00\",\"dateModified\":\"2025-04-02T12:23:23+00:00\",\"breadcrumb\":{\"@id\":\"https:\/\/hope-estate-immobilier.fr\/terms-and-conditions\/#breadcrumb\"},\"inLanguage\":\"en-US\",\"potentialAction\":[{\"@type\":\"ReadAction\",\"target\":[\"https:\/\/hope-estate-immobilier.fr\/terms-and-conditions\/\"]}]},{\"@type\":\"BreadcrumbList\",\"@id\":\"https:\/\/hope-estate-immobilier.fr\/terms-and-conditions\/#breadcrumb\",\"itemListElement\":[{\"@type\":\"ListItem\",\"position\":1,\"name\":\"Accueil\",\"item\":\"https:\/\/hope-estate-immobilier.fr\/\"},{\"@type\":\"ListItem\",\"position\":2,\"name\":\"Mentions L\u00e9gales\"}]},{\"@type\":\"WebSite\",\"@id\":\"https:\/\/hope-estate-immobilier.fr\/#website\",\"url\":\"https:\/\/hope-estate-immobilier.fr\/\",\"name\":\"Hope Estate Immobilier\",\"description\":\"L&#039;immobilier Facile\",\"publisher\":{\"@id\":\"https:\/\/hope-estate-immobilier.fr\/#organization\"},\"potentialAction\":[{\"@type\":\"SearchAction\",\"target\":{\"@type\":\"EntryPoint\",\"urlTemplate\":\"https:\/\/hope-estate-immobilier.fr\/?s={search_term_string}\"},\"query-input\":{\"@type\":\"PropertyValueSpecification\",\"valueRequired\":true,\"valueName\":\"search_term_string\"}}],\"inLanguage\":\"en-US\"},{\"@type\":\"Organization\",\"@id\":\"https:\/\/hope-estate-immobilier.fr\/#organization\",\"name\":\"Hope Estate Immobilier\",\"url\":\"https:\/\/hope-estate-immobilier.fr\/\",\"logo\":{\"@type\":\"ImageObject\",\"inLanguage\":\"en-US\",\"@id\":\"https:\/\/hope-estate-immobilier.fr\/#\/schema\/logo\/image\/\",\"url\":\"https:\/\/hope-estate-immobilier.fr\/wp-content\/uploads\/2025\/01\/cropped-logo-png.png\",\"contentUrl\":\"https:\/\/hope-estate-immobilier.fr\/wp-content\/uploads\/2025\/01\/cropped-logo-png.png\",\"width\":512,\"height\":512,\"caption\":\"Hope Estate Immobilier\"},\"image\":{\"@id\":\"https:\/\/hope-estate-immobilier.fr\/#\/schema\/logo\/image\/\"},\"sameAs\":[\"https:\/\/www.facebook.com\/profile.php?id=61575309352823\"]}]}<\/script>\n<!-- \/ Yoast SEO plugin. -->","yoast_head_json":{"title":"Mentions L\u00e9gales - Hope Estate Immobilier","robots":{"index":"index","follow":"follow","max-snippet":"max-snippet:-1","max-image-preview":"max-image-preview:large","max-video-preview":"max-video-preview:-1"},"canonical":"https:\/\/hope-estate-immobilier.fr\/en\/terms-and-conditions\/","og_locale":"en_US","og_type":"article","og_title":"Mentions L\u00e9gales - Hope Estate Immobilier","og_description":"\u00c9diteur du Site : Le site www.hope-estate-immobilier.fr est \u00e9dit\u00e9 par la soci\u00e9t\u00e9 HOPE ESTATE IMMOBILIER HOPE ESTATE IMMOBILIER au capital de 1000 \u20ac Si\u00e8ge social : 6, rue des Cotonniers Hope Estate 97150 Saint-Martin Num\u00e9ro SIRET : 92229429300019 Garantie financi\u00e8re : QBE 110 000 \u20ac avec maniement de fonds, Coeur D\u00e9fense &#8211; Tour A &#8211; [&hellip;]","og_url":"https:\/\/hope-estate-immobilier.fr\/en\/terms-and-conditions\/","og_site_name":"Hope Estate Immobilier","article_publisher":"https:\/\/www.facebook.com\/profile.php?id=61575309352823","article_modified_time":"2025-04-02T12:23:23+00:00","twitter_card":"summary_large_image","twitter_misc":{"Est. reading time":"2 minutes"},"schema":{"@context":"https:\/\/schema.org","@graph":[{"@type":"WebPage","@id":"https:\/\/hope-estate-immobilier.fr\/terms-and-conditions\/","url":"https:\/\/hope-estate-immobilier.fr\/terms-and-conditions\/","name":"Mentions L\u00e9gales - Hope Estate Immobilier","isPartOf":{"@id":"https:\/\/hope-estate-immobilier.fr\/#website"},"datePublished":"2016-03-10T18:51:46+00:00","dateModified":"2025-04-02T12:23:23+00:00","breadcrumb":{"@id":"https:\/\/hope-estate-immobilier.fr\/terms-and-conditions\/#breadcrumb"},"inLanguage":"en-US","potentialAction":[{"@type":"ReadAction","target":["https:\/\/hope-estate-immobilier.fr\/terms-and-conditions\/"]}]},{"@type":"BreadcrumbList","@id":"https:\/\/hope-estate-immobilier.fr\/terms-and-conditions\/#breadcrumb","itemListElement":[{"@type":"ListItem","position":1,"name":"Accueil","item":"https:\/\/hope-estate-immobilier.fr\/"},{"@type":"ListItem","position":2,"name":"Mentions L\u00e9gales"}]},{"@type":"WebSite","@id":"https:\/\/hope-estate-immobilier.fr\/#website","url":"https:\/\/hope-estate-immobilier.fr\/","name":"Hope Estate Real Estate","description":"L&#039;immobilier Facile","publisher":{"@id":"https:\/\/hope-estate-immobilier.fr\/#organization"},"potentialAction":[{"@type":"SearchAction","target":{"@type":"EntryPoint","urlTemplate":"https:\/\/hope-estate-immobilier.fr\/?s={search_term_string}"},"query-input":{"@type":"PropertyValueSpecification","valueRequired":true,"valueName":"search_term_string"}}],"inLanguage":"en-US"},{"@type":"Organization","@id":"https:\/\/hope-estate-immobilier.fr\/#organization","name":"Hope Estate Real Estate","url":"https:\/\/hope-estate-immobilier.fr\/","logo":{"@type":"ImageObject","inLanguage":"en-US","@id":"https:\/\/hope-estate-immobilier.fr\/#\/schema\/logo\/image\/","url":"https:\/\/hope-estate-immobilier.fr\/wp-content\/uploads\/2025\/01\/cropped-logo-png.png","contentUrl":"https:\/\/hope-estate-immobilier.fr\/wp-content\/uploads\/2025\/01\/cropped-logo-png.png","width":512,"height":512,"caption":"Hope Estate Immobilier"},"image":{"@id":"https:\/\/hope-estate-immobilier.fr\/#\/schema\/logo\/image\/"},"sameAs":["https:\/\/www.facebook.com\/profile.php?id=61575309352823"]}]}},"_links":{"self":[{"href":"https:\/\/hope-estate-immobilier.fr\/en\/wp-json\/wp\/v2\/pages\/745","targetHints":{"allow":["GET"]}}],"collection":[{"href":"https:\/\/hope-estate-immobilier.fr\/en\/wp-json\/wp\/v2\/pages"}],"about":[{"href":"https:\/\/hope-estate-immobilier.fr\/en\/wp-json\/wp\/v2\/types\/page"}],"author":[{"embeddable":true,"href":"https:\/\/hope-estate-immobilier.fr\/en\/wp-json\/wp\/v2\/users\/1"}],"replies":[{"embeddable":true,"href":"https:\/\/hope-estate-immobilier.fr\/en\/wp-json\/wp\/v2\/comments?post=745"}],"version-history":[{"count":4,"href":"https:\/\/hope-estate-immobilier.fr\/en\/wp-json\/wp\/v2\/pages\/745\/revisions"}],"predecessor-version":[{"id":4823,"href":"https:\/\/hope-estate-immobilier.fr\/en\/wp-json\/wp\/v2\/pages\/745\/revisions\/4823"}],"wp:attachment":[{"href":"https:\/\/hope-estate-immobilier.fr\/en\/wp-json\/wp\/v2\/media?parent=745"}],"curies":[{"name":"wp","href":"https:\/\/api.w.org\/{rel}","templated":true}]}}